{"id":880,"date":"2024-04-16T19:54:12","date_gmt":"2024-04-16T17:54:12","guid":{"rendered":"https:\/\/www.hakoboringen.be\/politique-de-confidentialite\/"},"modified":"2024-09-24T22:22:57","modified_gmt":"2024-09-24T20:22:57","slug":"politique-de-confidentialite","status":"publish","type":"page","link":"https:\/\/www.hakoboringen.be\/fr\/politique-de-confidentialite\/","title":{"rendered":"Politique de confidentialit\u00e9"},"content":{"rendered":"\n<p>Chez Hakoboringen.be, nous accordons une grande importance \u00e0 la protection de votre vie priv\u00e9e. La pr\u00e9sente politique de confidentialit\u00e9 expose comment nous traitons vos donn\u00e9es \u00e0 caract\u00e8re personnel.<\/p>\n\n<h3 class=\"wp-block-heading\">1. <strong>Quelles sont les donn\u00e9es collect\u00e9es\u00a0?<\/strong><\/h3>\n\n<p>Nous ne collectons que les donn\u00e9es \u00e0 caract\u00e8re personnel que vous nous fournissez par le biais du formulaire de contact ou d\u2019une autre communication directe. Il peut ainsi s\u2019agir\u00a0de\u00a0:<\/p>\n\n<ul class=\"wp-block-list\">\n<li>votre nom<\/li>\n\n\n\n<li>votre adresse e-mail<\/li>\n\n\n\n<li>votre num\u00e9ro de t\u00e9l\u00e9phone<\/li>\n\n\n\n<li>toute autre information fournie volontairement<\/li>\n<\/ul>\n\n<h3 class=\"wp-block-heading\">2. <strong>\u00c0 quelles fins utilisons-nous vos donn\u00e9es\u00a0?<\/strong><\/h3>\n\n<p>Vos donn\u00e9es \u00e0 caract\u00e8re personnel ne seront utilis\u00e9es qu\u2019aux fins suivantes\u00a0:<\/p>\n\n<ul class=\"wp-block-list\">\n<li>pour vous contacter en r\u00e9ponse \u00e0 votre demande ou \u00e0 votre requ\u00eate<\/li>\n\n\n\n<li>pour vous fournir des informations sur nos services<\/li>\n\n\n\n<li>\u00e0 des fins administratives telles que la facturation et les devis<\/li>\n<\/ul>\n\n<h3 class=\"wp-block-heading\">3. <strong>Comment prot\u00e9geons-nous vos donn\u00e9es\u00a0?<\/strong><\/h3>\n\n<p>Nous prenons des mesures techniques et organisationnelles appropri\u00e9es pour prot\u00e9ger vos donn\u00e9es \u00e0 caract\u00e8re personnel contre la perte, l\u2019acc\u00e8s non autoris\u00e9 ou l\u2019utilisation abusive.<\/p>\n\n<h3 class=\"wp-block-heading\">4. <strong>Partageons-nous vos donn\u00e9es avec des tiers\u00a0?<\/strong><\/h3>\n\n<p>Nous ne partageons pas vos donn\u00e9es avec des tiers, sauf si cela est n\u00e9cessaire pour fournir un service (par exemple, des services d\u2019exp\u00e9dition) ou si nous y sommes contraints par la loi.<\/p>\n\n<h3 class=\"wp-block-heading\">5. <strong>Vos droits<\/strong><\/h3>\n\n<p>Vous avez le droit de\u00a0:<\/p>\n\n<ul class=\"wp-block-list\">\n<li>demander l\u2019acc\u00e8s \u00e0 vos donn\u00e9es \u00e0 caract\u00e8re personnel<\/li>\n\n\n\n<li>faire corriger toute erreur de vos donn\u00e9es<\/li>\n\n\n\n<li>faire effacer vos donn\u00e9es, \u00e0 moins qu\u2019il n\u2019y ait des raisons l\u00e9gales de les conserver<\/li>\n<\/ul>\n\n<h3 class=\"wp-block-heading\">6. <strong>Cookies<\/strong><\/h3>\n\n<p>Hakoboringen.be n\u2019utilise pas de cookies pour collecter des donn\u00e9es \u00e0 caract\u00e8re personnel. Si cela venait \u00e0 changer, nous vous en informerons et demanderons votre consentement.<\/p>\n\n<h3 class=\"wp-block-heading\">7. <strong>Contact<\/strong><\/h3>\n\n<p>Si vous avez des questions sur la pr\u00e9sente politique de confidentialit\u00e9 ou si vous souhaitez consulter, corriger ou supprimer vos donn\u00e9es, veuillez nous contacter \u00e0 l\u2019adresse suivante\u00a0:<\/p>\n\n<p><strong>Hakoboringen.be<\/strong><br\/>E-mail\u00a0: <a>info@hakoboringen.be<\/a><\/p>\n\n<p>La pr\u00e9sente politique de confidentialit\u00e9 peut \u00eatre mise \u00e0 jour de temps \u00e0 autre. La derni\u00e8re version sera toujours disponible sur notre site web.<br\/><br\/><\/p>\n\n<p><\/p>\n","protected":false},"excerpt":{"rendered":"<p>Chez Hakoboringen.be, nous accordons une grande importance \u00e0 la protection de votre vie priv\u00e9e. La pr\u00e9sente politique de confidentialit\u00e9 expose comment nous traitons vos donn\u00e9es \u00e0 caract\u00e8re personnel. 1. Quelles sont les donn\u00e9es collect\u00e9es\u00a0? Nous ne collectons que les donn\u00e9es \u00e0 caract\u00e8re personnel que vous nous fournissez par le biais du formulaire de contact ou [&hellip;]<\/p>\n","protected":false},"author":1,"featured_media":0,"parent":0,"menu_order":0,"comment_status":"closed","ping_status":"closed","template":"","meta":{"_et_pb_use_builder":"","_et_pb_old_content":"","_et_gb_content_width":"","footnotes":""},"class_list":["post-880","page","type-page","status-publish","hentry"],"_links":{"self":[{"href":"https:\/\/www.hakoboringen.be\/fr\/wp-json\/wp\/v2\/pages\/880","targetHints":{"allow":["GET"]}}],"collection":[{"href":"https:\/\/www.hakoboringen.be\/fr\/wp-json\/wp\/v2\/pages"}],"about":[{"href":"https:\/\/www.hakoboringen.be\/fr\/wp-json\/wp\/v2\/types\/page"}],"author":[{"embeddable":true,"href":"https:\/\/www.hakoboringen.be\/fr\/wp-json\/wp\/v2\/users\/1"}],"replies":[{"embeddable":true,"href":"https:\/\/www.hakoboringen.be\/fr\/wp-json\/wp\/v2\/comments?post=880"}],"version-history":[{"count":1,"href":"https:\/\/www.hakoboringen.be\/fr\/wp-json\/wp\/v2\/pages\/880\/revisions"}],"predecessor-version":[{"id":881,"href":"https:\/\/www.hakoboringen.be\/fr\/wp-json\/wp\/v2\/pages\/880\/revisions\/881"}],"wp:attachment":[{"href":"https:\/\/www.hakoboringen.be\/fr\/wp-json\/wp\/v2\/media?parent=880"}],"curies":[{"name":"wp","href":"https:\/\/api.w.org\/{rel}","templated":true}]}}